{"id":9,"date":"2020-12-16T17:38:27","date_gmt":"2020-12-16T17:38:27","guid":{"rendered":"https:\/\/genericsgroup.net\/?page_id=9"},"modified":"2023-11-25T12:54:53","modified_gmt":"2023-11-25T12:54:53","slug":"home","status":"publish","type":"page","link":"https:\/\/genericsgroup.net\/pt\/","title":{"rendered":"Home"},"content":{"rendered":"<div data-elementor-type=\"wp-page\" data-elementor-id=\"9\" class=\"elementor elementor-9\">\n\t\t\t\t\t\t<section class=\"elementor-section elementor-top-section elementor-element elementor-element-93fd5df elementor-section-boxed elementor-section-height-default elementor-section-height-default\" data-id=\"93fd5df\" data-element_type=\"section\" data-e-type=\"section\">\n\t\t\t\t\t\t<div class=\"elementor-container elementor-column-gap-default\">\n\t\t\t\t\t<div class=\"elementor-column elementor-col-100 elementor-top-column elementor-element elementor-element-19f248f\" data-id=\"19f248f\" data-element_type=\"column\" data-e-type=\"column\">\n\t\t\t<div class=\"elementor-widget-wrap elementor-element-populated\">\n\t\t\t\t\t\t<div class=\"elementor-element elementor-element-7f48b7e elementor-widget elementor-widget-spacer\" data-id=\"7f48b7e\" data-element_type=\"widget\" data-e-type=\"widget\" data-widget_type=\"spacer.default\">\n\t\t\t\t<div class=\"elementor-widget-container\">\n\t\t\t\t\t\t\t<div class=\"elementor-spacer\">\n\t\t\t<div class=\"elementor-spacer-inner\"><\/div>\n\t\t<\/div>\n\t\t\t\t\t\t<\/div>\n\t\t\t\t<\/div>\n\t\t\t\t\t<\/div>\n\t\t<\/div>\n\t\t\t\t\t<\/div>\n\t\t<\/section>\n\t\t\t\t<section class=\"elementor-section elementor-top-section elementor-element elementor-element-667ef35 elementor-section-boxed elementor-section-height-default elementor-section-height-default\" data-id=\"667ef35\" data-element_type=\"section\" data-e-type=\"section\">\n\t\t\t\t\t\t<div class=\"elementor-container elementor-column-gap-default\">\n\t\t\t\t\t<div class=\"elementor-column elementor-col-100 elementor-top-column elementor-element elementor-element-be49bc5\" data-id=\"be49bc5\" data-element_type=\"column\" data-e-type=\"column\">\n\t\t\t<div class=\"elementor-widget-wrap elementor-element-populated\">\n\t\t\t\t\t\t<div class=\"elementor-element elementor-element-7af05d4 elementor-widget elementor-widget-image\" data-id=\"7af05d4\" data-element_type=\"widget\" data-e-type=\"widget\" data-widget_type=\"image.default\">\n\t\t\t\t<div class=\"elementor-widget-container\">\n\t\t\t\t\t\t\t\t\t\t\t\t\t\t\t<img fetchpriority=\"high\" decoding=\"async\" width=\"1200\" height=\"450\" src=\"https:\/\/genericsgroup.net\/wp-content\/uploads\/2021\/01\/generics-landing-4.jpg\" class=\"attachment-full size-full wp-image-421\" alt=\"\" srcset=\"https:\/\/genericsgroup.net\/wp-content\/uploads\/2021\/01\/generics-landing-4.jpg 1200w, https:\/\/genericsgroup.net\/wp-content\/uploads\/2021\/01\/generics-landing-4-300x113.jpg 300w, https:\/\/genericsgroup.net\/wp-content\/uploads\/2021\/01\/generics-landing-4-1024x384.jpg 1024w, https:\/\/genericsgroup.net\/wp-content\/uploads\/2021\/01\/generics-landing-4-768x288.jpg 768w\" sizes=\"(max-width: 1200px) 100vw, 1200px\" \/>\t\t\t\t\t\t\t\t\t\t\t\t\t\t\t<\/div>\n\t\t\t\t<\/div>\n\t\t\t\t\t<\/div>\n\t\t<\/div>\n\t\t\t\t\t<\/div>\n\t\t<\/section>\n\t\t\t\t<section class=\"elementor-section elementor-top-section elementor-element elementor-element-e156a42 elementor-section-boxed elementor-section-height-default elementor-section-height-default\" data-id=\"e156a42\" data-element_type=\"section\" data-e-type=\"section\">\n\t\t\t\t\t\t<div class=\"elementor-container elementor-column-gap-default\">\n\t\t\t\t\t<div class=\"elementor-column elementor-col-100 elementor-top-column elementor-element elementor-element-77fd9aa\" data-id=\"77fd9aa\" data-element_type=\"column\" data-e-type=\"column\">\n\t\t\t<div class=\"elementor-widget-wrap elementor-element-populated\">\n\t\t\t\t\t\t<div class=\"elementor-element elementor-element-e45630e elementor-widget elementor-widget-spacer\" data-id=\"e45630e\" data-element_type=\"widget\" data-e-type=\"widget\" data-widget_type=\"spacer.default\">\n\t\t\t\t<div class=\"elementor-widget-container\">\n\t\t\t\t\t\t\t<div class=\"elementor-spacer\">\n\t\t\t<div class=\"elementor-spacer-inner\"><\/div>\n\t\t<\/div>\n\t\t\t\t\t\t<\/div>\n\t\t\t\t<\/div>\n\t\t\t\t\t<\/div>\n\t\t<\/div>\n\t\t\t\t\t<\/div>\n\t\t<\/section>\n\t\t\t\t<section class=\"elementor-section elementor-top-section elementor-element elementor-element-ee87fc7 elementor-section-boxed elementor-section-height-default elementor-section-height-default\" data-id=\"ee87fc7\" data-element_type=\"section\" data-e-type=\"section\">\n\t\t\t\t\t\t<div class=\"elementor-container elementor-column-gap-default\">\n\t\t\t\t\t<div class=\"elementor-column elementor-col-33 elementor-top-column elementor-element elementor-element-84bd016\" data-id=\"84bd016\" data-element_type=\"column\" data-e-type=\"column\">\n\t\t\t<div class=\"elementor-widget-wrap elementor-element-populated\">\n\t\t\t\t\t\t<div class=\"elementor-element elementor-element-fe97142 elementor-widget elementor-widget-heading\" data-id=\"fe97142\" data-element_type=\"widget\" data-e-type=\"widget\" data-widget_type=\"heading.default\">\n\t\t\t\t<div class=\"elementor-widget-container\">\n\t\t\t\t\t<h2 class=\"elementor-heading-title elementor-size-default\">L\u00edder farmac\u00eautico e de sa\u00fade na \u00c1frica desde 1991<\/h2>\t\t\t\t<\/div>\n\t\t\t\t<\/div>\n\t\t\t\t<div class=\"elementor-element elementor-element-b3bdffe elementor-widget elementor-widget-image\" data-id=\"b3bdffe\" data-element_type=\"widget\" data-e-type=\"widget\" data-widget_type=\"image.default\">\n\t\t\t\t<div class=\"elementor-widget-container\">\n\t\t\t\t\t\t\t\t\t\t\t\t\t\t\t<img decoding=\"async\" width=\"150\" height=\"150\" src=\"https:\/\/genericsgroup.net\/wp-content\/uploads\/2023\/11\/generics-tuv.png\" class=\"attachment-large size-large wp-image-477\" alt=\"\" srcset=\"https:\/\/genericsgroup.net\/wp-content\/uploads\/2023\/11\/generics-tuv.png 150w, https:\/\/genericsgroup.net\/wp-content\/uploads\/2023\/11\/generics-tuv-12x12.png 12w\" sizes=\"(max-width: 150px) 100vw, 150px\" \/>\t\t\t\t\t\t\t\t\t\t\t\t\t\t\t<\/div>\n\t\t\t\t<\/div>\n\t\t\t\t\t<\/div>\n\t\t<\/div>\n\t\t\t\t<div class=\"elementor-column elementor-col-66 elementor-top-column elementor-element elementor-element-6ff3420\" data-id=\"6ff3420\" data-element_type=\"column\" data-e-type=\"column\">\n\t\t\t<div class=\"elementor-widget-wrap elementor-element-populated\">\n\t\t\t\t\t\t<div class=\"elementor-element elementor-element-d8db1ef elementor-widget elementor-widget-text-editor\" data-id=\"d8db1ef\" data-element_type=\"widget\" data-e-type=\"widget\" data-widget_type=\"text-editor.default\">\n\t\t\t\t<div class=\"elementor-widget-container\">\n\t\t\t\t\t\t\t\t\t<p>Generics &amp; Specialities atinge mais de 300 milh\u00f5es de pessoas em cinco pa\u00edses importantes na \u00c1frica: Angola, Ilha Maur\u00edcia, Mo\u00e7ambique, Nig\u00e9ria e Tanz\u00e2nia.<\/p><p>Nas \u00faltimas tr\u00eas d\u00e9cadas, desenvolvemos uma rede de fornecimento de produtos farmac\u00eauticos e consum\u00edveis de todo o mundo, aproveitando uma infra-estrutura elaborada para conformidade regulat\u00f3ria, armazenamento e distribui\u00e7\u00e3o nos pa\u00edses anfitri\u00f5es.<\/p><p><span style=\"font-weight: 400;\">Distribui\u00e7\u00e3o eficiente de produtos de origem \u00e9tica em conformidade com a FDA, a pre\u00e7os razo\u00e1veis, e alcan\u00e7ando os objetivos do neg\u00f3cio. <a href=\"https:\/\/genericsgroup.net\/pt\/company\/\">Saiba mais sobre nossa empresa aqui.<\/a>.<\/span><\/p>\t\t\t\t\t\t\t\t<\/div>\n\t\t\t\t<\/div>\n\t\t\t\t\t<\/div>\n\t\t<\/div>\n\t\t\t\t\t<\/div>\n\t\t<\/section>\n\t\t\t\t<\/div>","protected":false},"excerpt":{"rendered":"<p>Pharmaceutical and healthcare leader in Africa since 1991 Generics &amp; Specialities reaches over 300 million people in five key markets in Africa: Angola, Mauritius, Mozambique, Nigeria, and Tanzania. Over the last three decades, we have developed supply chains of pharmaceuticals and medical consumables from across the world, leveraging an elaborate infrastructure for regulatory compliance, warehousing [&hellip;]<\/p>\n","protected":false},"author":1,"featured_media":0,"parent":0,"menu_order":0,"comment_status":"closed","ping_status":"closed","template":"","meta":{"site-sidebar-layout":"no-sidebar","site-content-layout":"page-builder","ast-site-content-layout":"default","site-content-style":"default","site-sidebar-style":"default","ast-global-header-display":"","ast-banner-title-visibility":"","ast-main-header-display":"","ast-hfb-above-header-display":"","ast-hfb-below-header-display":"","ast-hfb-mobile-header-display":"","site-post-title":"disabled","ast-breadcrumbs-content":"","ast-featured-img":"disabled","footer-sml-layout":"","ast-disable-related-posts":"","theme-transparent-header-meta":"default","adv-header-id-meta":"","stick-header-meta":"","header-above-stick-meta":"","header-main-stick-meta":"","header-below-stick-meta":"","astra-migrate-meta-layouts":"default","ast-page-background-enabled":"default","ast-page-background-meta":{"desktop":{"background-color":"","background-image":"","background-repeat":"repeat","background-position":"center center","background-size":"auto","background-attachment":"scroll","background-type":"","background-media":"","overlay-type":"","overlay-color":"","overlay-opacity":"","overlay-gradient":""},"tablet":{"background-color":"","background-image":"","background-repeat":"repeat","background-position":"center center","background-size":"auto","background-attachment":"scroll","background-type":"","background-media":"","overlay-type":"","overlay-color":"","overlay-opacity":"","overlay-gradient":""},"mobile":{"background-color":"","background-image":"","background-repeat":"repeat","background-position":"center center","background-size":"auto","background-attachment":"scroll","background-type":"","background-media":"","overlay-type":"","overlay-color":"","overlay-opacity":"","overlay-gradient":""}},"ast-content-background-meta":{"desktop":{"background-color":"var(--ast-global-color-5)","background-image":"","background-repeat":"repeat","background-position":"center center","background-size":"auto","background-attachment":"scroll","background-type":"","background-media":"","overlay-type":"","overlay-color":"","overlay-opacity":"","overlay-gradient":""},"tablet":{"background-color":"var(--ast-global-color-5)","background-image":"","background-repeat":"repeat","background-position":"center center","background-size":"auto","background-attachment":"scroll","background-type":"","background-media":"","overlay-type":"","overlay-color":"","overlay-opacity":"","overlay-gradient":""},"mobile":{"background-color":"var(--ast-global-color-5)","background-image":"","background-repeat":"repeat","background-position":"center center","background-size":"auto","background-attachment":"scroll","background-type":"","background-media":"","overlay-type":"","overlay-color":"","overlay-opacity":"","overlay-gradient":""}},"footnotes":""},"class_list":["post-9","page","type-page","status-publish","hentry"],"_links":{"self":[{"href":"https:\/\/genericsgroup.net\/pt\/wp-json\/wp\/v2\/pages\/9","targetHints":{"allow":["GET"]}}],"collection":[{"href":"https:\/\/genericsgroup.net\/pt\/wp-json\/wp\/v2\/pages"}],"about":[{"href":"https:\/\/genericsgroup.net\/pt\/wp-json\/wp\/v2\/types\/page"}],"author":[{"embeddable":true,"href":"https:\/\/genericsgroup.net\/pt\/wp-json\/wp\/v2\/users\/1"}],"replies":[{"embeddable":true,"href":"https:\/\/genericsgroup.net\/pt\/wp-json\/wp\/v2\/comments?post=9"}],"version-history":[{"count":121,"href":"https:\/\/genericsgroup.net\/pt\/wp-json\/wp\/v2\/pages\/9\/revisions"}],"predecessor-version":[{"id":483,"href":"https:\/\/genericsgroup.net\/pt\/wp-json\/wp\/v2\/pages\/9\/revisions\/483"}],"wp:attachment":[{"href":"https:\/\/genericsgroup.net\/pt\/wp-json\/wp\/v2\/media?parent=9"}],"curies":[{"name":"wp","href":"https:\/\/api.w.org\/{rel}","templated":true}]}}